{"id":1233,"date":"2026-04-20T23:20:52","date_gmt":"2026-04-20T21:20:52","guid":{"rendered":"https:\/\/antiaging-dortmund.de\/?page_id=1233"},"modified":"2026-04-21T01:20:11","modified_gmt":"2026-04-20T23:20:11","slug":"carboxytherapie","status":"publish","type":"page","link":"https:\/\/antiaging-dortmund.de\/ru\/carboxytherapie\/","title":{"rendered":"\u041a\u0430\u0440\u0431\u043e\u043a\u0441\u0438\u0442\u0435\u0440\u0430\u043f\u0438\u044f"},"content":{"rendered":"<div class=\"et_pb_section_0 et_pb_section et_pb_fullwidth_section et_section_regular et_block_section\">\n<div class=\"et_pb_fullwidth_image_0 et_pb_fullwidth_image et_pb_module\" title=\"Unbenannt-2 (4)\"><img loading=\"lazy\" decoding=\"async\" src=\"https:\/\/antiaging-dortmund.de\/wp-content\/uploads\/2025\/05\/Unbenannt-2-4.png\" title=\"Unbenannt-2 (4)\" width=\"1920\" height=\"400\" srcset=\"https:\/\/antiaging-dortmund.de\/wp-content\/uploads\/2025\/05\/Unbenannt-2-4.png 1920w, https:\/\/antiaging-dortmund.de\/wp-content\/uploads\/2025\/05\/Unbenannt-2-4-300x63.png 300w, https:\/\/antiaging-dortmund.de\/wp-content\/uploads\/2025\/05\/Unbenannt-2-4-768x160.png 768w, https:\/\/antiaging-dortmund.de\/wp-content\/uploads\/2025\/05\/Unbenannt-2-4-1024x213.png 1024w, https:\/\/antiaging-dortmund.de\/wp-content\/uploads\/2025\/05\/Unbenannt-2-4-1080x225.png 1080w\" sizes=\"(max-width: 1920px) 100vw, 1920px\" class=\"wp-image-1057\" \/><\/div>\n<\/div>\n\n<div class=\"et_pb_section_1 et_pb_section et_pb_fullwidth_section et_section_regular et_block_section\">\n<div class=\"et_pb_fullwidth_image_1 et_pb_fullwidth_image et_pb_module\" title=\"woman-2303361_1280\"><img loading=\"lazy\" decoding=\"async\" src=\"https:\/\/antiaging-dortmund.de\/wp-content\/uploads\/2017\/02\/woman-2303361_1280.jpg\" title=\"woman-2303361_1280\" width=\"1280\" height=\"853\" srcset=\"https:\/\/antiaging-dortmund.de\/wp-content\/uploads\/2017\/02\/woman-2303361_1280.jpg 1280w, https:\/\/antiaging-dortmund.de\/wp-content\/uploads\/2017\/02\/woman-2303361_1280-300x200.jpg 300w, https:\/\/antiaging-dortmund.de\/wp-content\/uploads\/2017\/02\/woman-2303361_1280-768x512.jpg 768w, https:\/\/antiaging-dortmund.de\/wp-content\/uploads\/2017\/02\/woman-2303361_1280-1024x682.jpg 1024w, https:\/\/antiaging-dortmund.de\/wp-content\/uploads\/2017\/02\/woman-2303361_1280-1080x720.jpg 1080w\" sizes=\"(max-width: 1280px) 100vw, 1280px\" class=\"wp-image-1050\" \/><\/div>\n<\/div>\n\n<div class=\"et_pb_section_2 et_pb_section et_pb_fullwidth_section et_section_regular et_block_section\">\n<div class=\"et_pb_fullwidth_image_2 et_pb_fullwidth_image et_pb_module\" title=\"woman-2303361_1280\"><img loading=\"lazy\" decoding=\"async\" src=\"https:\/\/antiaging-dortmund.de\/wp-content\/uploads\/2017\/02\/woman-2303361_1280.jpg\" title=\"woman-2303361_1280\" width=\"1280\" height=\"853\" srcset=\"https:\/\/antiaging-dortmund.de\/wp-content\/uploads\/2017\/02\/woman-2303361_1280.jpg 1280w, https:\/\/antiaging-dortmund.de\/wp-content\/uploads\/2017\/02\/woman-2303361_1280-300x200.jpg 300w, https:\/\/antiaging-dortmund.de\/wp-content\/uploads\/2017\/02\/woman-2303361_1280-768x512.jpg 768w, https:\/\/antiaging-dortmund.de\/wp-content\/uploads\/2017\/02\/woman-2303361_1280-1024x682.jpg 1024w, https:\/\/antiaging-dortmund.de\/wp-content\/uploads\/2017\/02\/woman-2303361_1280-1080x720.jpg 1080w\" sizes=\"(max-width: 1280px) 100vw, 1280px\" class=\"wp-image-1050\" \/><\/div>\n<\/div>\n\n<div class=\"et_pb_section_3 et_pb_section et_section_regular et_block_section\">\n<div class=\"et_pb_row_0 et_pb_row et_block_row\">\n<div class=\"et_pb_column_0 et_pb_column et_pb_column_4_4 et-last-child et_block_column et_pb_css_mix_blend_mode_passthrough\">\n<div class=\"et_pb_text_0 et_pb_text et_pb_bg_layout_light et_pb_module et_block_module et_pb_text_align_left\"><div class=\"et_pb_text_inner\"><h1><strong><translate-press data-trp-translate-id=\"245\" data-trp-node-group=\"Liste von Zeichenfolgen\" class=\" trp-highlight\">CARBOXYTHERAPIE<\/translate-press><\/strong><\/h1>\n<hr \/>\n<p class=\"my-2 [&amp;+p]:mt-4 [&amp;_strong:has(+br)]:inline-block [&amp;_strong:has(+br)]:pb-2\">Die Carboxytherapie ist eine moderne, minimalinvasive Methode zur Hautverj\u00fcngung und Gewebestraffung. Durch die gezielte Anwendung von medizinischem Kohlendioxid (CO\u2082) wird die Haut von innen aktiviert und ihre Regenerationsf\u00e4higkeit nachhaltig unterst\u00fctzt.<\/p>\n<h2 class=\"font-editorial font-bold mb-2 mt-4 [.has-inline-images_&amp;]:clear-end text-base first:mt-0\" id=\"was-ist-carboxytherapie\">Was ist Carboxytherapie?<\/h2>\n<p class=\"my-2 [&amp;+p]:mt-4 [&amp;_strong:has(+br)]:inline-block [&amp;_strong:has(+br)]:pb-2\">Bei der Carboxytherapie wird gereinigtes CO\u2082 mit feinen Nadeln in die oberfl\u00e4chlichen Hautschichten oder das Unterhautfettgewebe eingebracht. Das Gas regt die Durchblutung an, verbessert die Sauerstoffversorgung des Gewebes und stimuliert die k\u00f6rpereigenen Reparaturprozesse.<\/p>\n<p class=\"my-2 [&amp;+p]:mt-4 [&amp;_strong:has(+br)]:inline-block [&amp;_strong:has(+br)]:pb-2\">Der K\u00f6rper \u201einterpretiert\u201c das eingebrachte Kohlendioxid als kurzfristigen Sauerstoffmangel. Als Reaktion erweitern sich die Gef\u00e4\u00dfe, die Mikrozirkulation steigt, und das Gewebe wird besser mit Sauerstoff und N\u00e4hrstoffen versorgt. Gleichzeitig kann die Bildung von Kollagen und Elastin angeregt werden, was zu einer festeren und glatteren Haut f\u00fchrt.<\/p>\n<h2 class=\"font-editorial font-bold mb-2 mt-4 [.has-inline-images_&amp;]:clear-end text-base first:mt-0\" id=\"einsatzgebiete-der-carboxytherapie\">Einsatzgebiete der Carboxytherapie<\/h2>\n<p class=\"my-2 [&amp;+p]:mt-4 [&amp;_strong:has(+br)]:inline-block [&amp;_strong:has(+br)]:pb-2\">Die Carboxytherapie eignet sich f\u00fcr verschiedene \u00e4sthetische Indikationen, unter anderem:<\/p>\n<ul class=\"marker:text-quiet list-disc pl-8\">\n<li class=\"py-0 my-0 prose-p:pt-0 prose-p:mb-2 prose-p:my-0 [&amp;&gt;p]:pt-0 [&amp;&gt;p]:mb-2 [&amp;&gt;p]:my-0\">\n<p class=\"my-2 [&amp;+p]:mt-4 [&amp;_strong:has(+br)]:inline-block [&amp;_strong:has(+br)]:pb-2\">Verbesserung der Hautqualit\u00e4t im Gesicht, am Hals und Dekollet\u00e9<\/p>\n<\/li>\n<li class=\"py-0 my-0 prose-p:pt-0 prose-p:mb-2 prose-p:my-0 [&amp;&gt;p]:pt-0 [&amp;&gt;p]:mb-2 [&amp;&gt;p]:my-0\">\n<p class=\"my-2 [&amp;+p]:mt-4 [&amp;_strong:has(+br)]:inline-block [&amp;_strong:has(+br)]:pb-2\">Reduktion feiner F\u00e4ltchen und m\u00fcder, fahler Haut<\/p>\n<\/li>\n<li class=\"py-0 my-0 prose-p:pt-0 prose-p:mb-2 prose-p:my-0 [&amp;&gt;p]:pt-0 [&amp;&gt;p]:mb-2 [&amp;&gt;p]:my-0\">\n<p class=\"my-2 [&amp;+p]:mt-4 [&amp;_strong:has(+br)]:inline-block [&amp;_strong:has(+br)]:pb-2\">Behandlung von Augenringen und leichten Schwellungen im Augenbereich<\/p>\n<\/li>\n<li class=\"py-0 my-0 prose-p:pt-0 prose-p:mb-2 prose-p:my-0 [&amp;&gt;p]:pt-0 [&amp;&gt;p]:mb-2 [&amp;&gt;p]:my-0\">\n<p class=\"my-2 [&amp;+p]:mt-4 [&amp;_strong:has(+br)]:inline-block [&amp;_strong:has(+br)]:pb-2\">Unterst\u00fctzung bei der Behandlung von Cellulite und schlaffer Haut an K\u00f6rperzonen<\/p>\n<\/li>\n<li class=\"py-0 my-0 prose-p:pt-0 prose-p:mb-2 prose-p:my-0 [&amp;&gt;p]:pt-0 [&amp;&gt;p]:mb-2 [&amp;&gt;p]:my-0\">\n<p class=\"my-2 [&amp;+p]:mt-4 [&amp;_strong:has(+br)]:inline-block [&amp;_strong:has(+br)]:pb-2\">Verbesserung des Hautbildes bei leichten Narben und Dehnungsstreifen<\/p>\n<\/li>\n<\/ul>\n<p class=\"my-2 [&amp;+p]:mt-4 [&amp;_strong:has(+br)]:inline-block [&amp;_strong:has(+br)]:pb-2\">Je nach Ausgangsbefund kann die Carboxytherapie als eigenst\u00e4ndige Behandlung oder in Kombination mit anderen Anti-Aging-Verfahren eingesetzt werden (z.B. Biorevitalisierung, Filler, Botulinumtherapie).<\/p>\n<\/div><\/div>\n<\/div>\n<\/div>\n<\/div>","protected":false},"excerpt":{"rendered":"","protected":false},"author":2,"featured_media":0,"parent":0,"menu_order":0,"comment_status":"closed","ping_status":"closed","template":"","meta":{"_seopress_robots_primary_cat":"","_seopress_titles_title":"","_seopress_titles_desc":"","_seopress_robots_index":"","footnotes":""},"class_list":["post-1233","page","type-page","status-publish","hentry"],"_links":{"self":[{"href":"https:\/\/antiaging-dortmund.de\/ru\/wp-json\/wp\/v2\/pages\/1233","targetHints":{"allow":["GET"]}}],"collection":[{"href":"https:\/\/antiaging-dortmund.de\/ru\/wp-json\/wp\/v2\/pages"}],"about":[{"href":"https:\/\/antiaging-dortmund.de\/ru\/wp-json\/wp\/v2\/types\/page"}],"author":[{"embeddable":true,"href":"https:\/\/antiaging-dortmund.de\/ru\/wp-json\/wp\/v2\/users\/2"}],"replies":[{"embeddable":true,"href":"https:\/\/antiaging-dortmund.de\/ru\/wp-json\/wp\/v2\/comments?post=1233"}],"version-history":[{"count":3,"href":"https:\/\/antiaging-dortmund.de\/ru\/wp-json\/wp\/v2\/pages\/1233\/revisions"}],"predecessor-version":[{"id":1291,"href":"https:\/\/antiaging-dortmund.de\/ru\/wp-json\/wp\/v2\/pages\/1233\/revisions\/1291"}],"wp:attachment":[{"href":"https:\/\/antiaging-dortmund.de\/ru\/wp-json\/wp\/v2\/media?parent=1233"}],"curies":[{"name":"wp","href":"https:\/\/api.w.org\/{rel}","templated":true}]}}