{"id":233,"date":"2017-02-16T00:31:06","date_gmt":"2017-02-15T23:31:06","guid":{"rendered":"http:\/\/antiaging-dortmund.de\/?page_id=233"},"modified":"2026-04-21T00:43:31","modified_gmt":"2026-04-20T22:43:31","slug":"index","status":"publish","type":"page","link":"https:\/\/antiaging-dortmund.de\/ru\/","title":{"rendered":"index"},"content":{"rendered":"<div class=\"et_pb_section_0 et_pb_section et_section_regular et_block_section\">\n<div class=\"et_pb_row_0 et_pb_row et_block_row\">\n<div class=\"et_pb_column_0 et_pb_column et_pb_column_1_3 et_block_column et_pb_css_mix_blend_mode_passthrough\">\n<div class=\"et_pb_image_0 et_pb_image et_animated et_pb_module et_flex_module\"><span class=\"et_pb_background_mask\"><\/span><span class=\"et_pb_image_wrap\"><img loading=\"lazy\" decoding=\"async\" src=\"https:\/\/antiaging-dortmund.de\/wp-content\/uploads\/2026\/04\/IMG-20161115-WA0000.png\" title=\"IMG-20161115-WA0000\" width=\"300\" height=\"300\" srcset=\"https:\/\/antiaging-dortmund.de\/wp-content\/uploads\/2026\/04\/IMG-20161115-WA0000.png 300w, https:\/\/antiaging-dortmund.de\/wp-content\/uploads\/2026\/04\/IMG-20161115-WA0000-150x150.png 150w, https:\/\/antiaging-dortmund.de\/wp-content\/uploads\/2026\/04\/IMG-20161115-WA0000-12x12.png 12w\" sizes=\"(max-width: 300px) 100vw, 300px\" class=\"wp-image-1218\" \/><\/span><\/div>\n<\/div>\n\n<div class=\"et_pb_column_1 et_pb_column et_pb_column_2_3 et-last-child et_block_column et_pb_css_mix_blend_mode_passthrough\">\n<div class=\"et_pb_text_0 et_pb_text et_pb_bg_layout_light et_pb_module et_block_module et_pb_text_align_left\"><div class=\"et_pb_text_inner\"><p><span>Lieber Patient,<\/span><\/p>\n<p class=\"my-2 [&amp;+p]:mt-4 [&amp;_strong:has(+br)]:inline-block [&amp;_strong:has(+br)]:pb-2\">in meiner Praxis k\u00f6nnen Sie eine qualifizierte Beratung zum Thema Anti-Aging erhalten: Gemeinsam besprechen wir einen Behandlungsplan zur Verj\u00fcngung Ihrer Haut, zur Beseitigung von Hautdefekten und zur Verbesserung der Gesichts\u00adkonturen. Das Ergebnis unserer gemeinsamen Arbeit wird f\u00fcr Sie nicht nur eine \u00e4sthetische Korrektur sein, sondern auch eine Steigerung des psychologischen Wohlbefindens und damit ein insgesamt positiveres Weltbild. Mein \u00e4rztliches Prinzip lautet: individuell, kompetent, hochwertig. Gest\u00fctzt auf meine langj\u00e4hrige Berufserfahrung beantworte ich gerne alle Ihre Fragen, gebe Empfehlungen zur Pflege der Haut von Gesicht und K\u00f6rper und informiere Sie \u00fcber neue Trends und Entwicklungen in der \u00e4sthetischen Dermatologie.<\/p>\n<p class=\"my-2 [&amp;+p]:mt-4 [&amp;_strong:has(+br)]:inline-block [&amp;_strong:has(+br)]:pb-2\">Ihre<br \/>Natella Babukhadiya,<br \/>\u00c4sthetische Dermatologie<\/p>\n<\/div><\/div>\n<\/div>\n<\/div>\n<\/div>\n\n<div class=\"et_pb_section_1 et_pb_section et_section_regular et_block_section\">\n<div class=\"et_pb_row_1 et_pb_row et_block_row\">\n<div class=\"et_pb_column_2 et_pb_column et_pb_column_4_4 et-last-child et_block_column et_pb_css_mix_blend_mode_passthrough\">\n<div class=\"et_pb_text_1 et_pb_text et_pb_bg_layout_light et_pb_module et_block_module et_pb_text_align_center\"><div class=\"et_pb_text_inner\"><h2><strong>Unsere Leistungen<\/strong><\/h2>\n<\/div><\/div>\n<\/div>\n<\/div>\n\n<div class=\"et_pb_row_2 et_pb_row et_block_row\"><div class=\"et_pb_column_3 et_pb_column et_pb_column_1_3 et_block_column et_pb_css_mix_blend_mode_passthrough\"><div class=\"et_pb_text_2 et_pb_text et_pb_bg_layout_light et_pb_module et_block_module et_pb_text_align_left\"><div class=\"et_pb_text_inner\"><h6 style=\"text-align: center;\"><a href=\"http:\/\/antiaging-dortmund.de\/botox\/\"><span style=\"color: #ffffff;\"><strong>Botulin\u2011Therapie<\/strong><\/span><\/a><\/h6>\n<\/div><\/div><div class=\"et_pb_image_1 et_pb_image et_pb_module et_block_module\"><a href=\"http:\/\/antiaging-dortmund.de\/botox\/\"><span class=\"et_pb_image_wrap\"><img loading=\"lazy\" decoding=\"async\" src=\"http:\/\/antiaging-dortmund.de\/wp-content\/uploads\/2018\/05\/botox-mit-Rahmen.jpg\" width=\"425\" height=\"283\" srcset=\"https:\/\/antiaging-dortmund.de\/wp-content\/uploads\/2018\/05\/botox-mit-Rahmen.jpg 425w, https:\/\/antiaging-dortmund.de\/wp-content\/uploads\/2018\/05\/botox-mit-Rahmen-300x200.jpg 300w\" sizes=\"(max-width: 425px) 100vw, 425px\" class=\"wp-image-474\" \/><\/span><\/a><\/div><div class=\"et_pb_code_0 et_pb_code et_pb_module\"><\/div><div class=\"et_pb_text_3 et_pb_text et_pb_bg_layout_light et_pb_module et_block_module et_pb_text_align_left\"><div class=\"et_pb_text_inner\"><h6 style=\"text-align: center;\"><a href=\"http:\/\/antiaging-dortmund.de\/mesotherapie-bei-haarausfall\/\"><span style=\"color: #ffffff;\"><strong>Haarausfall<\/strong><\/span><\/a><\/h6>\n<\/div><\/div><div class=\"et_pb_image_2 et_pb_image et_pb_module et_block_module\"><a href=\"http:\/\/antiaging-dortmund.de\/mesotherapie-bei-haarausfall\/\"><span class=\"et_pb_image_wrap\"><img loading=\"lazy\" decoding=\"async\" src=\"http:\/\/antiaging-dortmund.de\/wp-content\/uploads\/2018\/05\/meso_haar-mit-Rahmen.jpg\" width=\"500\" height=\"334\" srcset=\"https:\/\/antiaging-dortmund.de\/wp-content\/uploads\/2018\/05\/meso_haar-mit-Rahmen.jpg 500w, https:\/\/antiaging-dortmund.de\/wp-content\/uploads\/2018\/05\/meso_haar-mit-Rahmen-300x200.jpg 300w\" sizes=\"(max-width: 500px) 100vw, 500px\" class=\"wp-image-485\" \/><\/span><\/a><\/div><div class=\"et_pb_code_1 et_pb_code et_pb_module\"><\/div><div class=\"et_pb_text_4 et_pb_text et_pb_bg_layout_light et_pb_module et_block_module et_pb_text_align_left\"><div class=\"et_pb_text_inner\"><h6 style=\"text-align: center;\"><span style=\"color: #ffffff;\"><strong> LIPPENMODELLIERUNG<\/strong><\/span><\/h6>\n<\/div><\/div><div class=\"et_pb_image_3 et_pb_image et_pb_module et_block_module\"><span class=\"et_pb_image_wrap\"><img loading=\"lazy\" decoding=\"async\" src=\"http:\/\/antiaging-dortmund.de\/wp-content\/uploads\/2018\/05\/lippenmodellierung-mit-Rahmen.jpg\" width=\"425\" height=\"283\" srcset=\"https:\/\/antiaging-dortmund.de\/wp-content\/uploads\/2018\/05\/lippenmodellierung-mit-Rahmen.jpg 425w, https:\/\/antiaging-dortmund.de\/wp-content\/uploads\/2018\/05\/lippenmodellierung-mit-Rahmen-300x200.jpg 300w\" sizes=\"(max-width: 425px) 100vw, 425px\" class=\"wp-image-478\" \/><\/span><\/div><div class=\"et_pb_code_2 et_pb_code et_pb_module\"><\/div><div class=\"et_pb_text_5 et_pb_text et_pb_bg_layout_light et_pb_module et_block_module et_pb_text_align_left\"><div class=\"et_pb_text_inner\"><h6 style=\"text-align: center;\"><span style=\"color: #ffffff;\"><strong>H\u00c4NDERVERJ\u00dcNGUNG<\/strong><\/span><\/h6>\n<\/div><\/div><div class=\"et_pb_image_4 et_pb_image et_pb_module et_block_module\"><span class=\"et_pb_image_wrap\"><img loading=\"lazy\" decoding=\"async\" src=\"http:\/\/antiaging-dortmund.de\/wp-content\/uploads\/2018\/05\/H\u00e4nde-mit-Rahmen.jpg\" width=\"500\" height=\"334\" srcset=\"https:\/\/antiaging-dortmund.de\/wp-content\/uploads\/2018\/05\/H\u00e4nde-mit-Rahmen.jpg 500w, https:\/\/antiaging-dortmund.de\/wp-content\/uploads\/2018\/05\/H\u00e4nde-mit-Rahmen-300x200.jpg 300w\" sizes=\"(max-width: 500px) 100vw, 500px\" class=\"wp-image-498\" \/><\/span><\/div><div class=\"et_pb_code_3 et_pb_code et_pb_module\"><\/div><div class=\"et_pb_text_6 et_pb_text et_pb_bg_layout_light et_pb_module et_block_module et_pb_text_align_left\" id=\"buch\"><div class=\"et_pb_text_inner\"><h6 style=\"text-align: center;\"><span style=\"color: #ffffff;\"><strong>\"\u0412\u0441\u0435 \u0441\u0435\u043a\u0440\u0435\u0442\u044b<br \/>\n\u0436\u0435\u043d\u0449\u0438\u043d\u044b\"<\/strong><\/span><\/h6>\n<\/div><\/div><div class=\"et_pb_image_5 et_pb_image et_pb_module et_block_module\" id=\"buch\"><a href=\"http:\/\/www.koob.ru\/babuhadiya\/vse_sekreti_jenshini\" target=\"_blank\"><span class=\"et_pb_image_wrap\"><img loading=\"lazy\" decoding=\"async\" src=\"http:\/\/antiaging-dortmund.de\/wp-content\/uploads\/2017\/02\/Kniga-Titel.jpg\" width=\"424\" height=\"283\" srcset=\"https:\/\/antiaging-dortmund.de\/wp-content\/uploads\/2017\/02\/Kniga-Titel.jpg 424w, https:\/\/antiaging-dortmund.de\/wp-content\/uploads\/2017\/02\/Kniga-Titel-300x200.jpg 300w\" sizes=\"(max-width: 424px) 100vw, 424px\" class=\"wp-image-630\" \/><\/span><\/a><\/div><div class=\"et_pb_code_4 et_pb_code et_pb_module\"><\/div><\/div><div class=\"et_pb_column_4 et_pb_column et_pb_column_1_3 et_block_column et_pb_css_mix_blend_mode_passthrough\"><div class=\"et_pb_text_7 et_pb_text et_pb_bg_layout_light et_pb_module et_block_module et_pb_text_align_left\"><div class=\"et_pb_text_inner\"><h6 style=\"text-align: center;\"><a href=\"http:\/\/antiaging-dortmund.de\/peeling\/\"><span style=\"color: #ffffff;\"><strong>Peeling<\/strong><\/span><\/a><\/h6>\n<\/div><\/div><div class=\"et_pb_image_6 et_pb_image et_pb_module et_block_module\"><a href=\"http:\/\/antiaging-dortmund.de\/peeling\/\"><span class=\"et_pb_image_wrap\"><img loading=\"lazy\" decoding=\"async\" src=\"http:\/\/antiaging-dortmund.de\/wp-content\/uploads\/2018\/05\/peeling-mit-Rahmen.jpg\" width=\"425\" height=\"283\" srcset=\"https:\/\/antiaging-dortmund.de\/wp-content\/uploads\/2018\/05\/peeling-mit-Rahmen.jpg 425w, https:\/\/antiaging-dortmund.de\/wp-content\/uploads\/2018\/05\/peeling-mit-Rahmen-300x200.jpg 300w\" sizes=\"(max-width: 425px) 100vw, 425px\" class=\"wp-image-482\" \/><\/span><\/a><\/div><div class=\"et_pb_code_5 et_pb_code et_pb_module\"><\/div><div class=\"et_pb_text_8 et_pb_text et_pb_bg_layout_light et_pb_module et_block_module et_pb_text_align_left\"><div class=\"et_pb_text_inner\"><h6 style=\"text-align: center;\"><a href=\"http:\/\/antiaging-dortmund.de\/mesotherapie\/\"><span style=\"color: #ffffff;\"><strong>Biorevitalisierung <\/strong><\/span><\/a><\/h6>\n<\/div><\/div><div class=\"et_pb_image_7 et_pb_image et_pb_module et_block_module\"><a href=\"http:\/\/antiaging-dortmund.de\/mesotherapie\/\"><span class=\"et_pb_image_wrap\"><img loading=\"lazy\" decoding=\"async\" src=\"http:\/\/antiaging-dortmund.de\/wp-content\/uploads\/2018\/05\/mesotherapie-mit-Rahmen.jpg\" width=\"424\" height=\"283\" srcset=\"https:\/\/antiaging-dortmund.de\/wp-content\/uploads\/2018\/05\/mesotherapie-mit-Rahmen.jpg 424w, https:\/\/antiaging-dortmund.de\/wp-content\/uploads\/2018\/05\/mesotherapie-mit-Rahmen-300x200.jpg 300w\" sizes=\"(max-width: 424px) 100vw, 424px\" class=\"wp-image-486\" \/><\/span><\/a><\/div><div class=\"et_pb_code_6 et_pb_code et_pb_module\"><\/div><div class=\"et_pb_text_9 et_pb_text et_pb_bg_layout_light et_pb_module et_block_module et_pb_text_align_left\"><div class=\"et_pb_text_inner\"><h6 style=\"text-align: center;\"><span style=\"color: #ffffff;\"><strong>Punkte-Lifting<\/strong><\/span><\/h6>\n<\/div><\/div><div class=\"et_pb_image_8 et_pb_image et_pb_module et_block_module\"><span class=\"et_pb_image_wrap\"><img loading=\"lazy\" decoding=\"async\" src=\"http:\/\/antiaging-dortmund.de\/wp-content\/uploads\/2018\/05\/Gesichtsverj-mit-Rahmen.jpg\" width=\"621\" height=\"414\" srcset=\"https:\/\/antiaging-dortmund.de\/wp-content\/uploads\/2018\/05\/Gesichtsverj-mit-Rahmen.jpg 621w, https:\/\/antiaging-dortmund.de\/wp-content\/uploads\/2018\/05\/Gesichtsverj-mit-Rahmen-300x200.jpg 300w\" sizes=\"(max-width: 621px) 100vw, 621px\" class=\"wp-image-491\" \/><\/span><\/div><div class=\"et_pb_code_7 et_pb_code et_pb_module\"><\/div><div class=\"et_pb_text_10 et_pb_text et_pb_bg_layout_light et_pb_module et_block_module et_pb_text_align_left\"><div class=\"et_pb_text_inner\"><h6 style=\"text-align: center;\"><span style=\"color: #ffffff;\"><strong>CARBOXYTHERAPIE<\/strong><\/span><\/h6>\n<\/div><\/div><div class=\"et_pb_image_9 et_pb_image et_pb_module et_block_module\"><a href=\"https:\/\/antiaging-dortmund.de\/carboxytherapie\/\"><span class=\"et_pb_image_wrap\"><img loading=\"lazy\" decoding=\"async\" src=\"https:\/\/antiaging-dortmund.de\/wp-content\/uploads\/2017\/02\/carboxytherapie.png\" width=\"424\" height=\"283\" srcset=\"https:\/\/antiaging-dortmund.de\/wp-content\/uploads\/2017\/02\/carboxytherapie.png 424w, https:\/\/antiaging-dortmund.de\/wp-content\/uploads\/2017\/02\/carboxytherapie-300x200.png 300w\" sizes=\"(max-width: 424px) 100vw, 424px\" class=\"wp-image-1051\" \/><\/span><\/a><\/div><div class=\"et_pb_code_8 et_pb_code et_pb_module\"><\/div><\/div><div class=\"et_pb_column_5 et_pb_column et_pb_column_1_3 et-last-child et_block_column et_pb_css_mix_blend_mode_passthrough\"><div class=\"et_pb_text_11 et_pb_text et_pb_bg_layout_light et_pb_module et_block_module et_pb_text_align_left\"><div class=\"et_pb_text_inner\"><h6 style=\"text-align: center;\"><a href=\"http:\/\/antiaging-dortmund.de\/micro-needling\/\"><span style=\"color: #ffffff;\"><strong>Mikroneedling<\/strong><\/span><\/a><\/h6>\n<\/div><\/div><div class=\"et_pb_image_10 et_pb_image et_pb_module et_block_module\"><a href=\"http:\/\/antiaging-dortmund.de\/micro-needling\/\"><span class=\"et_pb_image_wrap\"><img loading=\"lazy\" decoding=\"async\" src=\"http:\/\/antiaging-dortmund.de\/wp-content\/uploads\/2018\/05\/microneedling-mit-Rahmen.jpg\" width=\"425\" height=\"283\" srcset=\"https:\/\/antiaging-dortmund.de\/wp-content\/uploads\/2018\/05\/microneedling-mit-Rahmen.jpg 425w, https:\/\/antiaging-dortmund.de\/wp-content\/uploads\/2018\/05\/microneedling-mit-Rahmen-300x200.jpg 300w\" sizes=\"(max-width: 425px) 100vw, 425px\" class=\"wp-image-481\" \/><\/span><\/a><\/div><div class=\"et_pb_code_9 et_pb_code et_pb_module\"><\/div><div class=\"et_pb_text_12 et_pb_text et_pb_bg_layout_light et_pb_module et_block_module et_pb_text_align_left\"><div class=\"et_pb_text_inner\"><h6 style=\"text-align: center;\"><span style=\"color: #ffffff;\"><strong> Filler-Injektionen<\/strong><\/span><\/h6>\n<\/div><\/div><div class=\"et_pb_image_11 et_pb_image et_pb_module et_block_module\"><a href=\"http:\/\/antiaging-dortmund.de\/mesotherapie\/\"><span class=\"et_pb_image_wrap\"><img loading=\"lazy\" decoding=\"async\" src=\"http:\/\/antiaging-dortmund.de\/wp-content\/uploads\/2018\/05\/Faltenunterspritz-mit-Rahmen.jpg\" width=\"425\" height=\"283\" srcset=\"https:\/\/antiaging-dortmund.de\/wp-content\/uploads\/2018\/05\/Faltenunterspritz-mit-Rahmen.jpg 425w, https:\/\/antiaging-dortmund.de\/wp-content\/uploads\/2018\/05\/Faltenunterspritz-mit-Rahmen-300x200.jpg 300w\" sizes=\"(max-width: 425px) 100vw, 425px\" class=\"wp-image-475\" \/><\/span><\/a><\/div><div class=\"et_pb_code_10 et_pb_code et_pb_module\"><\/div><div class=\"et_pb_text_13 et_pb_text et_pb_bg_layout_light et_pb_module et_block_module et_pb_text_align_left\"><div class=\"et_pb_text_inner\"><h6 style=\"text-align: center;\"><a href=\"http:\/\/antiaging-dortmund.de\/injektionslipolyse\/\"><span style=\"color: #ffffff;\"><strong> INJEKTIONSLIPOLYSE <\/strong><\/span><\/a><\/h6>\n<\/div><\/div><div class=\"et_pb_image_12 et_pb_image et_pb_module et_block_module\"><span class=\"et_pb_image_wrap\"><img loading=\"lazy\" decoding=\"async\" src=\"http:\/\/antiaging-dortmund.de\/wp-content\/uploads\/2018\/05\/lipolyse-mit-Rahmen.jpg\" width=\"500\" height=\"334\" srcset=\"https:\/\/antiaging-dortmund.de\/wp-content\/uploads\/2018\/05\/lipolyse-mit-Rahmen.jpg 500w, https:\/\/antiaging-dortmund.de\/wp-content\/uploads\/2018\/05\/lipolyse-mit-Rahmen-300x200.jpg 300w\" sizes=\"(max-width: 500px) 100vw, 500px\" class=\"wp-image-477\" \/><\/span><\/div><div class=\"et_pb_code_11 et_pb_code et_pb_module\"><\/div><div class=\"et_pb_text_14 et_pb_text et_pb_bg_layout_light et_pb_module et_block_module et_pb_text_align_left\"><div class=\"et_pb_text_inner\"><h6 style=\"text-align: center;\"><span style=\"color: #ffffff;\"><strong>FLYER ZUM HERUNTERLADEN<\/strong><\/span><\/h6>\n<\/div><\/div><div class=\"et_pb_image_13 et_pb_image et_pb_module et_block_module\"><a href=\"https:\/\/antiaging-dortmund.de\/wp-content\/uploads\/2018\/05\/Natella_Brochure_DE_MAI2018.pdf\"><span class=\"et_pb_image_wrap\"><img loading=\"lazy\" decoding=\"async\" src=\"http:\/\/antiaging-dortmund.de\/wp-content\/uploads\/2018\/06\/Flyer-Titel-Webseite_RU.jpg\" width=\"424\" height=\"283\" srcset=\"https:\/\/antiaging-dortmund.de\/wp-content\/uploads\/2018\/06\/Flyer-Titel-Webseite_RU.jpg 424w, https:\/\/antiaging-dortmund.de\/wp-content\/uploads\/2018\/06\/Flyer-Titel-Webseite_RU-300x200.jpg 300w\" sizes=\"(max-width: 424px) 100vw, 424px\" class=\"wp-image-624\" \/><\/span><\/a><\/div><div class=\"et_pb_code_12 et_pb_code et_pb_module\"><\/div><\/div><\/div>\n<\/div>\n\n<div class=\"et_pb_section_2 et_pb_section et_section_regular et_block_section\">\n<div class=\"et_pb_row_3 et_pb_row et_block_row\">\n<div class=\"et_pb_column_6 et_pb_column et_pb_column_4_4 et-last-child et_block_column et_pb_css_mix_blend_mode_passthrough\">\n<div class=\"et_pb_text_15 et_pb_text et_pb_bg_layout_light et_pb_module et_block_module et_pb_text_align_right\"><div class=\"et_pb_text_inner\"><p>\"Sch\u00f6nheit und sch\u00f6ne Frauen verdienen die Verehrung jedes Menschen, denn eine sch\u00f6ne Frau ist das Wunderbarste, was man sich nur vorstellen kann, und SCH\u00d6NHEIT ist das gr\u00f6\u00dfte Geschenk, das Gott der Menschheit gemacht hat.\"<\/p>\n<p style=\"text-align: right;\"><em><strong>Agnolo Firenzuola<\/strong><br \/><\/em><em>\u201eDialogo delle bellezze delle donne\u201c, 1534<\/em><\/p>\n<\/div><\/div>\n<\/div>\n<\/div>\n<\/div>","protected":false},"excerpt":{"rendered":"","protected":false},"author":1,"featured_media":0,"parent":0,"menu_order":0,"comment_status":"closed","ping_status":"closed","template":"","meta":{"_seopress_robots_primary_cat":"","_seopress_titles_title":"","_seopress_titles_desc":"","_seopress_robots_index":"","footnotes":""},"class_list":["post-233","page","type-page","status-publish","hentry"],"_links":{"self":[{"href":"https:\/\/antiaging-dortmund.de\/ru\/wp-json\/wp\/v2\/pages\/233","targetHints":{"allow":["GET"]}}],"collection":[{"href":"https:\/\/antiaging-dortmund.de\/ru\/wp-json\/wp\/v2\/pages"}],"about":[{"href":"https:\/\/antiaging-dortmund.de\/ru\/wp-json\/wp\/v2\/types\/page"}],"author":[{"embeddable":true,"href":"https:\/\/antiaging-dortmund.de\/ru\/wp-json\/wp\/v2\/users\/1"}],"replies":[{"embeddable":true,"href":"https:\/\/antiaging-dortmund.de\/ru\/wp-json\/wp\/v2\/comments?post=233"}],"version-history":[{"count":271,"href":"https:\/\/antiaging-dortmund.de\/ru\/wp-json\/wp\/v2\/pages\/233\/revisions"}],"predecessor-version":[{"id":1290,"href":"https:\/\/antiaging-dortmund.de\/ru\/wp-json\/wp\/v2\/pages\/233\/revisions\/1290"}],"wp:attachment":[{"href":"https:\/\/antiaging-dortmund.de\/ru\/wp-json\/wp\/v2\/media?parent=233"}],"curies":[{"name":"wp","href":"https:\/\/api.w.org\/{rel}","templated":true}]}}